{"id":169,"date":"2025-06-20T23:50:35","date_gmt":"2025-06-20T23:50:35","guid":{"rendered":"https:\/\/stage.casasnorte.com\/wordpress\/?page_id=169"},"modified":"2025-06-20T23:50:35","modified_gmt":"2025-06-20T23:50:35","slug":"6-estrategias-para-poupar-tempo-e-melhorar-avaliacoes-com-a-casas-norte","status":"publish","type":"page","link":"https:\/\/stage.casasnorte.com\/wordpress\/6-estrategias-para-poupar-tempo-e-melhorar-avaliacoes-com-a-casas-norte\/","title":{"rendered":"6 Estrat\u00e9gias para Poupar Tempo e Melhorar Avalia\u00e7\u00f5es com a Casas Norte"},"content":{"rendered":"","protected":false},"excerpt":{"rendered":"","protected":false},"author":1,"featured_media":0,"parent":0,"menu_order":0,"comment_status":"closed","ping_status":"closed","template":"page-artigo-blog12.php","meta":{"footnotes":""},"class_list":["post-169","page","type-page","status-publish","hentry"],"yoast_head":"<!-- This site is optimized with the Yoast SEO plugin v25.3.1 - https:\/\/yoast.com\/wordpress\/plugins\/seo\/ -->\n<title>6 Estrat\u00e9gias para Poupar Tempo e Melhorar Avalia\u00e7\u00f5es com a Casas Norte - Stage<\/title>\n<meta name=\"robots\" content=\"index, follow, max-snippet:-1, max-image-preview:large, max-video-preview:-1\" \/>\n<link rel=\"canonical\" href=\"https:\/\/stage.casasnorte.com\/wordpress\/6-estrategias-para-poupar-tempo-e-melhorar-avaliacoes-com-a-casas-norte\/\" \/>\n<meta property=\"og:locale\" content=\"pt_PT\" \/>\n<meta property=\"og:type\" content=\"article\" \/>\n<meta property=\"og:title\" content=\"6 Estrat\u00e9gias para Poupar Tempo e Melhorar Avalia\u00e7\u00f5es com a Casas Norte - Stage\" \/>\n<meta property=\"og:url\" content=\"https:\/\/stage.casasnorte.com\/wordpress\/6-estrategias-para-poupar-tempo-e-melhorar-avaliacoes-com-a-casas-norte\/\" \/>\n<meta property=\"og:site_name\" content=\"Stage\" \/>\n<meta name=\"twitter:card\" content=\"summary_large_image\" \/>\n<script type=\"application\/ld+json\" class=\"yoast-schema-graph\">{\"@context\":\"https:\/\/schema.org\",\"@graph\":[{\"@type\":\"WebPage\",\"@id\":\"https:\/\/stage.casasnorte.com\/wordpress\/6-estrategias-para-poupar-tempo-e-melhorar-avaliacoes-com-a-casas-norte\/\",\"url\":\"https:\/\/stage.casasnorte.com\/wordpress\/6-estrategias-para-poupar-tempo-e-melhorar-avaliacoes-com-a-casas-norte\/\",\"name\":\"6 Estrat\u00e9gias para Poupar Tempo e Melhorar Avalia\u00e7\u00f5es com a Casas Norte - Stage\",\"isPartOf\":{\"@id\":\"https:\/\/stage.casasnorte.com\/wordpress\/#website\"},\"datePublished\":\"2025-06-20T23:50:35+00:00\",\"breadcrumb\":{\"@id\":\"https:\/\/stage.casasnorte.com\/wordpress\/6-estrategias-para-poupar-tempo-e-melhorar-avaliacoes-com-a-casas-norte\/#breadcrumb\"},\"inLanguage\":\"pt-PT\",\"potentialAction\":[{\"@type\":\"ReadAction\",\"target\":[\"https:\/\/stage.casasnorte.com\/wordpress\/6-estrategias-para-poupar-tempo-e-melhorar-avaliacoes-com-a-casas-norte\/\"]}]},{\"@type\":\"BreadcrumbList\",\"@id\":\"https:\/\/stage.casasnorte.com\/wordpress\/6-estrategias-para-poupar-tempo-e-melhorar-avaliacoes-com-a-casas-norte\/#breadcrumb\",\"itemListElement\":[{\"@type\":\"ListItem\",\"position\":1,\"name\":\"In\u00edcio\",\"item\":\"https:\/\/stage.casasnorte.com\/wordpress\/\"},{\"@type\":\"ListItem\",\"position\":2,\"name\":\"6 Estrat\u00e9gias para Poupar Tempo e Melhorar Avalia\u00e7\u00f5es com a Casas Norte\"}]},{\"@type\":\"WebSite\",\"@id\":\"https:\/\/stage.casasnorte.com\/wordpress\/#website\",\"url\":\"https:\/\/stage.casasnorte.com\/wordpress\/\",\"name\":\"Stage\",\"description\":\"Stage Casas Norte\",\"potentialAction\":[{\"@type\":\"SearchAction\",\"target\":{\"@type\":\"EntryPoint\",\"urlTemplate\":\"https:\/\/stage.casasnorte.com\/wordpress\/?s={search_term_string}\"},\"query-input\":{\"@type\":\"PropertyValueSpecification\",\"valueRequired\":true,\"valueName\":\"search_term_string\"}}],\"inLanguage\":\"pt-PT\"}]}<\/script>\n<!-- \/ Yoast SEO plugin. -->","yoast_head_json":{"title":"6 Estrat\u00e9gias para Poupar Tempo e Melhorar Avalia\u00e7\u00f5es com a Casas Norte - Stage","robots":{"index":"index","follow":"follow","max-snippet":"max-snippet:-1","max-image-preview":"max-image-preview:large","max-video-preview":"max-video-preview:-1"},"canonical":"https:\/\/stage.casasnorte.com\/wordpress\/6-estrategias-para-poupar-tempo-e-melhorar-avaliacoes-com-a-casas-norte\/","og_locale":"pt_PT","og_type":"article","og_title":"6 Estrat\u00e9gias para Poupar Tempo e Melhorar Avalia\u00e7\u00f5es com a Casas Norte - Stage","og_url":"https:\/\/stage.casasnorte.com\/wordpress\/6-estrategias-para-poupar-tempo-e-melhorar-avaliacoes-com-a-casas-norte\/","og_site_name":"Stage","twitter_card":"summary_large_image","schema":{"@context":"https:\/\/schema.org","@graph":[{"@type":"WebPage","@id":"https:\/\/stage.casasnorte.com\/wordpress\/6-estrategias-para-poupar-tempo-e-melhorar-avaliacoes-com-a-casas-norte\/","url":"https:\/\/stage.casasnorte.com\/wordpress\/6-estrategias-para-poupar-tempo-e-melhorar-avaliacoes-com-a-casas-norte\/","name":"6 Estrat\u00e9gias para Poupar Tempo e Melhorar Avalia\u00e7\u00f5es com a Casas Norte - Stage","isPartOf":{"@id":"https:\/\/stage.casasnorte.com\/wordpress\/#website"},"datePublished":"2025-06-20T23:50:35+00:00","breadcrumb":{"@id":"https:\/\/stage.casasnorte.com\/wordpress\/6-estrategias-para-poupar-tempo-e-melhorar-avaliacoes-com-a-casas-norte\/#breadcrumb"},"inLanguage":"pt-PT","potentialAction":[{"@type":"ReadAction","target":["https:\/\/stage.casasnorte.com\/wordpress\/6-estrategias-para-poupar-tempo-e-melhorar-avaliacoes-com-a-casas-norte\/"]}]},{"@type":"BreadcrumbList","@id":"https:\/\/stage.casasnorte.com\/wordpress\/6-estrategias-para-poupar-tempo-e-melhorar-avaliacoes-com-a-casas-norte\/#breadcrumb","itemListElement":[{"@type":"ListItem","position":1,"name":"In\u00edcio","item":"https:\/\/stage.casasnorte.com\/wordpress\/"},{"@type":"ListItem","position":2,"name":"6 Estrat\u00e9gias para Poupar Tempo e Melhorar Avalia\u00e7\u00f5es com a Casas Norte"}]},{"@type":"WebSite","@id":"https:\/\/stage.casasnorte.com\/wordpress\/#website","url":"https:\/\/stage.casasnorte.com\/wordpress\/","name":"Stage","description":"Stage Casas Norte","potentialAction":[{"@type":"SearchAction","target":{"@type":"EntryPoint","urlTemplate":"https:\/\/stage.casasnorte.com\/wordpress\/?s={search_term_string}"},"query-input":{"@type":"PropertyValueSpecification","valueRequired":true,"valueName":"search_term_string"}}],"inLanguage":"pt-PT"}]}},"_links":{"self":[{"href":"https:\/\/stage.casasnorte.com\/wordpress\/wp-json\/wp\/v2\/pages\/169","targetHints":{"allow":["GET"]}}],"collection":[{"href":"https:\/\/stage.casasnorte.com\/wordpress\/wp-json\/wp\/v2\/pages"}],"about":[{"href":"https:\/\/stage.casasnorte.com\/wordpress\/wp-json\/wp\/v2\/types\/page"}],"author":[{"embeddable":true,"href":"https:\/\/stage.casasnorte.com\/wordpress\/wp-json\/wp\/v2\/users\/1"}],"replies":[{"embeddable":true,"href":"https:\/\/stage.casasnorte.com\/wordpress\/wp-json\/wp\/v2\/comments?post=169"}],"version-history":[{"count":1,"href":"https:\/\/stage.casasnorte.com\/wordpress\/wp-json\/wp\/v2\/pages\/169\/revisions"}],"predecessor-version":[{"id":170,"href":"https:\/\/stage.casasnorte.com\/wordpress\/wp-json\/wp\/v2\/pages\/169\/revisions\/170"}],"wp:attachment":[{"href":"https:\/\/stage.casasnorte.com\/wordpress\/wp-json\/wp\/v2\/media?parent=169"}],"curies":[{"name":"wp","href":"https:\/\/api.w.org\/{rel}","templated":true}]}}